{"id":21,"date":"2025-11-02T09:23:41","date_gmt":"2025-11-02T09:23:41","guid":{"rendered":"https:\/\/keylounge.ch\/?page_id=21"},"modified":"2026-03-02T19:43:40","modified_gmt":"2026-03-02T19:43:40","slug":"startseite1","status":"publish","type":"page","link":"https:\/\/keylounge.ch\/","title":{"rendered":"Keylounge"},"content":{"rendered":"\t\t<div data-elementor-type=\"wp-page\" data-elementor-id=\"21\" class=\"elementor elementor-21\">\n\t\t\t\t<div class=\"elementor-element elementor-element-6c2dc2ee e-flex e-con-boxed e-con e-parent\" data-id=\"6c2dc2ee\" data-element_type=\"container\" data-e-type=\"container\">\n\t\t\t\t\t<div class=\"e-con-inner\">\n\t\t\t\t<div class=\"elementor-element elementor-element-18cf6b32 elementor-widget elementor-widget-text-editor\" data-id=\"18cf6b32\" data-element_type=\"widget\" data-e-type=\"widget\" data-widget_type=\"text-editor.default\">\n\t\t\t\t\t\t\t\t\t\n<p>\u00a0<\/p>\n\n<p><strong>Das Schl\u00fcsselbrett aus Glas &amp; Edelstahl \u2013f\u00fcr Menschen mit Sinn f\u00fcr Stil.<\/strong><\/p>\n\n<p>Verabschieden Sie sich von langweiligen Ablagen und unordentlichen Ecken. Unser exklusives Schl\u00fcsselbrett vereint <strong>zeitloses Design<\/strong> mit <strong>funktionaler Raffinesse<\/strong>:<\/p>\n\n<ul class=\"wp-block-list\">\n<li>\u2705 <strong>Hochwertiges Glas <\/strong>\u2013 klar, stark, makellos<\/li>\n\n<li>\u2705 <strong>Geb\u00fcrsteter Edelstahl<\/strong> \u2013 modern, robust, langlebig<\/li>\n\n<li>\u2705 <strong>Unsichtbare Befestigung<\/strong> \u2013 schwebende Optik f\u00fcr pure Eleganz<\/li>\n<\/ul>\n\n<p>Dieses Meisterst\u00fcck der Wohnkultur f\u00fcgt sich nahtlos in jedes moderne Interieur ein \u2013 ob im Eingangsbereich, B\u00fcro oder Loft.<\/p>\n\n<p>\u00a0<\/p>\n\t\t\t\t\t\t\t\t<\/div>\n\t\t\t\t\t<\/div>\n\t\t\t\t<\/div>\n\t\t<div class=\"elementor-element elementor-element-530a0e6 e-con-full e-flex e-con e-parent\" data-id=\"530a0e6\" data-element_type=\"container\" data-e-type=\"container\">\n\t\t\t\t<div class=\"elementor-element elementor-element-02a444c elementor-widget elementor-widget-image\" data-id=\"02a444c\" data-element_type=\"widget\" data-e-type=\"widget\" data-widget_type=\"image.default\">\n\t\t\t\t\t\t\t\t\t\t\t\t<figure class=\"wp-caption\">\n\t\t\t\t\t\t\t\t\t\t\t<a href=\"https:\/\/keylounge.ch\/wp-content\/uploads\/2026\/03\/2.jpg\" data-elementor-open-lightbox=\"yes\" data-e-action-hash=\"#elementor-action%3Aaction%3Dlightbox%26settings%3DeyJpZCI6MTY4LCJ1cmwiOiJodHRwczpcL1wva2V5bG91bmdlLmNoXC93cC1jb250ZW50XC91cGxvYWRzXC8yMDI2XC8wM1wvMi5qcGcifQ%3D%3D\">\n\t\t\t\t\t\t\t<img decoding=\"async\" src=\"https:\/\/keylounge.ch\/wp-content\/uploads\/2026\/03\/2.jpg\" title=\"2\" alt=\"2\" loading=\"lazy\" \/>\t\t\t\t\t\t\t\t<\/a>\n\t\t\t\t\t\t\t\t\t\t\t<figcaption class=\"widget-image-caption wp-caption-text\">KEYLOUNGE DXA<\/figcaption>\n\t\t\t\t\t\t\t\t\t\t<\/figure>\n\t\t\t\t\t\t\t\t\t<\/div>\n\t\t\t\t<div class=\"elementor-element elementor-element-1747091 elementor-arrows-position-inside elementor-pagination-position-outside elementor-widget elementor-widget-image-carousel\" data-id=\"1747091\" data-element_type=\"widget\" data-e-type=\"widget\" data-settings=\"{&quot;navigation&quot;:&quot;both&quot;,&quot;autoplay&quot;:&quot;yes&quot;,&quot;pause_on_hover&quot;:&quot;yes&quot;,&quot;pause_on_interaction&quot;:&quot;yes&quot;,&quot;autoplay_speed&quot;:5000,&quot;infinite&quot;:&quot;yes&quot;,&quot;speed&quot;:500}\" data-widget_type=\"image-carousel.default\">\n\t\t\t\t\t\t\t<div class=\"elementor-image-carousel-wrapper swiper\" role=\"region\" aria-roledescription=\"carousel\" aria-label=\"Bild Karussell\" dir=\"ltr\">\n\t\t\t<div class=\"elementor-image-carousel swiper-wrapper\" aria-live=\"off\">\n\t\t\t\t\t\t\t\t<div class=\"swiper-slide\" role=\"group\" aria-roledescription=\"slide\" aria-label=\"1 von 8\"><figure class=\"swiper-slide-inner\"><img decoding=\"async\" class=\"swiper-slide-image\" src=\"https:\/\/keylounge.ch\/wp-content\/uploads\/2026\/03\/2.jpg\" alt=\"2\" \/><\/figure><\/div><div class=\"swiper-slide\" role=\"group\" aria-roledescription=\"slide\" aria-label=\"2 von 8\"><figure class=\"swiper-slide-inner\"><img decoding=\"async\" class=\"swiper-slide-image\" src=\"https:\/\/keylounge.ch\/wp-content\/uploads\/2026\/02\/Keylounge-DXA-2026-Varianten.jpg\" alt=\"Keylounge DXA 2026 Varianten\" \/><\/figure><\/div><div class=\"swiper-slide\" role=\"group\" aria-roledescription=\"slide\" aria-label=\"3 von 8\"><figure class=\"swiper-slide-inner\"><img decoding=\"async\" class=\"swiper-slide-image\" src=\"https:\/\/keylounge.ch\/wp-content\/uploads\/2026\/02\/Keylounge-DXA-2026-Varianten.39-scaled.jpg\" alt=\"Keylounge DXA 2026 Varianten.39\" \/><\/figure><\/div><div class=\"swiper-slide\" role=\"group\" aria-roledescription=\"slide\" aria-label=\"4 von 8\"><figure class=\"swiper-slide-inner\"><img decoding=\"async\" class=\"swiper-slide-image\" src=\"https:\/\/keylounge.ch\/wp-content\/uploads\/2026\/02\/untitled.92.jpg\" alt=\"untitled.92\" \/><\/figure><\/div><div class=\"swiper-slide\" role=\"group\" aria-roledescription=\"slide\" aria-label=\"5 von 8\"><figure class=\"swiper-slide-inner\"><img decoding=\"async\" class=\"swiper-slide-image\" src=\"https:\/\/keylounge.ch\/wp-content\/uploads\/2025\/11\/Keylounge-DXB-Luzern1-5.jpg\" alt=\"Keylounge-DXB-Luzern1\" \/><\/figure><\/div><div class=\"swiper-slide\" role=\"group\" aria-roledescription=\"slide\" aria-label=\"6 von 8\"><figure class=\"swiper-slide-inner\"><img decoding=\"async\" class=\"swiper-slide-image\" src=\"https:\/\/keylounge.ch\/wp-content\/uploads\/2025\/11\/Keylounge-DXB-Porsche-911.jpg\" alt=\"Keylounge-DXB-Porsche-911\" \/><\/figure><\/div><div class=\"swiper-slide\" role=\"group\" aria-roledescription=\"slide\" aria-label=\"7 von 8\"><figure class=\"swiper-slide-inner\"><img decoding=\"async\" class=\"swiper-slide-image\" src=\"https:\/\/keylounge.ch\/wp-content\/uploads\/2025\/11\/Keylounge-DXB-Keylounge-Schluessel.jpg\" alt=\"Keylounge-DXB-Keylounge-Schl\u00fcssel\" \/><\/figure><\/div><div class=\"swiper-slide\" role=\"group\" aria-roledescription=\"slide\" aria-label=\"8 von 8\"><figure class=\"swiper-slide-inner\"><img decoding=\"async\" class=\"swiper-slide-image\" src=\"https:\/\/keylounge.ch\/wp-content\/uploads\/2025\/11\/Keylounge-DXB-Switzerland-1.jpg\" alt=\"Keylounge-DXB-Switzerland-1\" \/><\/figure><\/div>\t\t\t<\/div>\n\t\t\t\t\t\t\t\t\t\t\t\t<div class=\"elementor-swiper-button elementor-swiper-button-prev\" role=\"button\" tabindex=\"0\">\n\t\t\t\t\t\t<svg aria-hidden=\"true\" class=\"e-font-icon-svg e-eicon-chevron-left\" viewBox=\"0 0 1000 1000\" xmlns=\"http:\/\/www.w3.org\/2000\/svg\"><path d=\"M646 125C629 125 613 133 604 142L308 442C296 454 292 471 292 487 292 504 296 521 308 533L604 854C617 867 629 875 646 875 663 875 679 871 692 858 704 846 713 829 713 812 713 796 708 779 692 767L438 487 692 225C700 217 708 204 708 187 708 171 704 154 692 142 675 129 663 125 646 125Z\"><\/path><\/svg>\t\t\t\t\t<\/div>\n\t\t\t\t\t<div class=\"elementor-swiper-button elementor-swiper-button-next\" role=\"button\" tabindex=\"0\">\n\t\t\t\t\t\t<svg aria-hidden=\"true\" class=\"e-font-icon-svg e-eicon-chevron-right\" viewBox=\"0 0 1000 1000\" xmlns=\"http:\/\/www.w3.org\/2000\/svg\"><path d=\"M696 533C708 521 713 504 713 487 713 471 708 454 696 446L400 146C388 133 375 125 354 125 338 125 325 129 313 142 300 154 292 171 292 187 292 204 296 221 308 233L563 492 304 771C292 783 288 800 288 817 288 833 296 850 308 863 321 871 338 875 354 875 371 875 388 867 400 854L696 533Z\"><\/path><\/svg>\t\t\t\t\t<\/div>\n\t\t\t\t\n\t\t\t\t\t\t\t\t\t<div class=\"swiper-pagination\"><\/div>\n\t\t\t\t\t\t\t\t\t<\/div>\n\t\t\t\t\t\t<\/div>\n\t\t\t\t<\/div>\n\t\t<div class=\"elementor-element elementor-element-8616096 e-flex e-con-boxed e-con e-parent\" data-id=\"8616096\" data-element_type=\"container\" data-e-type=\"container\">\n\t\t\t\t\t<div class=\"e-con-inner\">\n\t\t\t\t<div class=\"elementor-element elementor-element-b2f28bf elementor-widget elementor-widget-image-gallery\" data-id=\"b2f28bf\" data-element_type=\"widget\" data-e-type=\"widget\" data-widget_type=\"image-gallery.default\">\n\t\t\t\t\t\t\t<div class=\"elementor-image-gallery\">\n\t\t\t<div id='gallery-1' class='gallery galleryid-21 gallery-columns-5 gallery-size-2048x2048'><figure class='gallery-item'>\n\t\t\t<div class='gallery-icon landscape'>\n\t\t\t\t<a data-elementor-open-lightbox=\"yes\" data-elementor-lightbox-slideshow=\"b2f28bf\" data-e-action-hash=\"#elementor-action%3Aaction%3Dlightbox%26settings%3DeyJpZCI6MjE0LCJ1cmwiOiJodHRwczpcL1wva2V5bG91bmdlLmNoXC93cC1jb250ZW50XC91cGxvYWRzXC8yMDI2XC8wM1wvdW50aXRsZWQuMTktc2NhbGVkLmpwZyIsInNsaWRlc2hvdyI6ImIyZjI4YmYifQ%3D%3D\" href='https:\/\/keylounge.ch\/wp-content\/uploads\/2026\/03\/untitled.19-scaled.jpg'><img fetchpriority=\"high\" decoding=\"async\" width=\"2048\" height=\"1366\" src=\"https:\/\/keylounge.ch\/wp-content\/uploads\/2026\/03\/untitled.19-scaled.jpg\" class=\"attachment-2048x2048 size-2048x2048\" alt=\"\" srcset=\"https:\/\/keylounge.ch\/wp-content\/uploads\/2026\/03\/untitled.19-scaled.jpg 2560w, https:\/\/keylounge.ch\/wp-content\/uploads\/2026\/03\/untitled.19-300x200.jpg 300w\" sizes=\"100vw\" \/><\/a>\n\t\t\t<\/div><\/figure><figure class='gallery-item'>\n\t\t\t<div class='gallery-icon '>\n\t\t\t\t<a data-elementor-open-lightbox=\"yes\" data-elementor-lightbox-slideshow=\"b2f28bf\" data-e-action-hash=\"#elementor-action%3Aaction%3Dlightbox%26settings%3DeyJpZCI6MjEzLCJ1cmwiOiJodHRwczpcL1wva2V5bG91bmdlLmNoXC93cC1jb250ZW50XC91cGxvYWRzXC8yMDI2XC8wM1wvdW50aXRsZWQuMTguanBnIiwic2xpZGVzaG93IjoiYjJmMjhiZiJ9\" href='https:\/\/keylounge.ch\/wp-content\/uploads\/2026\/03\/untitled.18.jpg'><img decoding=\"async\" width=\"1\" height=\"1\" src=\"https:\/\/keylounge.ch\/wp-content\/uploads\/2026\/03\/untitled.18.jpg\" class=\"attachment-2048x2048 size-2048x2048\" alt=\"\" sizes=\"100vw\" \/><\/a>\n\t\t\t<\/div><\/figure><figure class='gallery-item'>\n\t\t\t<div class='gallery-icon '>\n\t\t\t\t<a data-elementor-open-lightbox=\"yes\" data-elementor-lightbox-slideshow=\"b2f28bf\" data-e-action-hash=\"#elementor-action%3Aaction%3Dlightbox%26settings%3DeyJpZCI6MjA5LCJ1cmwiOiJodHRwczpcL1wva2V5bG91bmdlLmNoXC93cC1jb250ZW50XC91cGxvYWRzXC8yMDI2XC8wM1wvdW50aXRsZWQuMTQuanBnIiwic2xpZGVzaG93IjoiYjJmMjhiZiJ9\" href='https:\/\/keylounge.ch\/wp-content\/uploads\/2026\/03\/untitled.14.jpg'><img decoding=\"async\" width=\"1\" height=\"1\" src=\"https:\/\/keylounge.ch\/wp-content\/uploads\/2026\/03\/untitled.14.jpg\" class=\"attachment-2048x2048 size-2048x2048\" alt=\"\" sizes=\"100vw\" \/><\/a>\n\t\t\t<\/div><\/figure><figure class='gallery-item'>\n\t\t\t<div class='gallery-icon '>\n\t\t\t\t<a data-elementor-open-lightbox=\"yes\" data-elementor-lightbox-slideshow=\"b2f28bf\" data-e-action-hash=\"#elementor-action%3Aaction%3Dlightbox%26settings%3DeyJpZCI6MjA4LCJ1cmwiOiJodHRwczpcL1wva2V5bG91bmdlLmNoXC93cC1jb250ZW50XC91cGxvYWRzXC8yMDI2XC8wM1wvdW50aXRsZWQuMTMuanBnIiwic2xpZGVzaG93IjoiYjJmMjhiZiJ9\" href='https:\/\/keylounge.ch\/wp-content\/uploads\/2026\/03\/untitled.13.jpg'><img loading=\"lazy\" decoding=\"async\" width=\"1\" height=\"1\" src=\"https:\/\/keylounge.ch\/wp-content\/uploads\/2026\/03\/untitled.13.jpg\" class=\"attachment-2048x2048 size-2048x2048\" alt=\"\" sizes=\"100vw\" \/><\/a>\n\t\t\t<\/div><\/figure><figure class='gallery-item'>\n\t\t\t<div class='gallery-icon '>\n\t\t\t\t<a data-elementor-open-lightbox=\"yes\" data-elementor-lightbox-slideshow=\"b2f28bf\" data-e-action-hash=\"#elementor-action%3Aaction%3Dlightbox%26settings%3DeyJpZCI6MjA3LCJ1cmwiOiJodHRwczpcL1wva2V5bG91bmdlLmNoXC93cC1jb250ZW50XC91cGxvYWRzXC8yMDI2XC8wM1wvS2V5bG91bmdlLURYQS1MdXplcm4uMTI2LmpwZyIsInNsaWRlc2hvdyI6ImIyZjI4YmYifQ%3D%3D\" href='https:\/\/keylounge.ch\/wp-content\/uploads\/2026\/03\/Keylounge-DXA-Luzern.126.jpg'><img loading=\"lazy\" decoding=\"async\" width=\"1\" height=\"1\" src=\"https:\/\/keylounge.ch\/wp-content\/uploads\/2026\/03\/Keylounge-DXA-Luzern.126.jpg\" class=\"attachment-2048x2048 size-2048x2048\" alt=\"\" sizes=\"100vw\" \/><\/a>\n\t\t\t<\/div><\/figure><figure class='gallery-item'>\n\t\t\t<div class='gallery-icon '>\n\t\t\t\t<a data-elementor-open-lightbox=\"yes\" data-elementor-lightbox-slideshow=\"b2f28bf\" data-e-action-hash=\"#elementor-action%3Aaction%3Dlightbox%26settings%3DeyJpZCI6MjE2LCJ1cmwiOiJodHRwczpcL1wva2V5bG91bmdlLmNoXC93cC1jb250ZW50XC91cGxvYWRzXC8yMDI2XC8wM1wvdW50aXRsZWQuMjEuanBnIiwic2xpZGVzaG93IjoiYjJmMjhiZiJ9\" href='https:\/\/keylounge.ch\/wp-content\/uploads\/2026\/03\/untitled.21.jpg'><img loading=\"lazy\" decoding=\"async\" width=\"1\" height=\"1\" src=\"https:\/\/keylounge.ch\/wp-content\/uploads\/2026\/03\/untitled.21.jpg\" class=\"attachment-2048x2048 size-2048x2048\" alt=\"\" sizes=\"100vw\" \/><\/a>\n\t\t\t<\/div><\/figure><figure class='gallery-item'>\n\t\t\t<div class='gallery-icon landscape'>\n\t\t\t\t<a data-elementor-open-lightbox=\"yes\" data-elementor-lightbox-slideshow=\"b2f28bf\" data-e-action-hash=\"#elementor-action%3Aaction%3Dlightbox%26settings%3DeyJpZCI6OTEsInVybCI6Imh0dHBzOlwvXC9rZXlsb3VuZ2UuY2hcL3dwLWNvbnRlbnRcL3VwbG9hZHNcLzIwMjVcLzExXC9LZXlsb3VuZ2UtRFhCLVN3aXR6ZXJsYW5kLTEuanBnIiwic2xpZGVzaG93IjoiYjJmMjhiZiJ9\" href='https:\/\/keylounge.ch\/wp-content\/uploads\/2025\/11\/Keylounge-DXB-Switzerland-1.jpg'><img loading=\"lazy\" decoding=\"async\" width=\"1920\" height=\"974\" src=\"https:\/\/keylounge.ch\/wp-content\/uploads\/2025\/11\/Keylounge-DXB-Switzerland-1.jpg\" class=\"attachment-2048x2048 size-2048x2048\" alt=\"\" srcset=\"https:\/\/keylounge.ch\/wp-content\/uploads\/2025\/11\/Keylounge-DXB-Switzerland-1.jpg 1920w, https:\/\/keylounge.ch\/wp-content\/uploads\/2025\/11\/Keylounge-DXB-Switzerland-1-300x152.jpg 300w, https:\/\/keylounge.ch\/wp-content\/uploads\/2025\/11\/Keylounge-DXB-Switzerland-1-1024x519.jpg 1024w, https:\/\/keylounge.ch\/wp-content\/uploads\/2025\/11\/Keylounge-DXB-Switzerland-1-768x390.jpg 768w, https:\/\/keylounge.ch\/wp-content\/uploads\/2025\/11\/Keylounge-DXB-Switzerland-1-1536x779.jpg 1536w\" sizes=\"100vw\" \/><\/a>\n\t\t\t<\/div><\/figure><figure class='gallery-item'>\n\t\t\t<div class='gallery-icon landscape'>\n\t\t\t\t<a data-elementor-open-lightbox=\"yes\" data-elementor-lightbox-slideshow=\"b2f28bf\" data-e-action-hash=\"#elementor-action%3Aaction%3Dlightbox%26settings%3DeyJpZCI6MjIzLCJ1cmwiOiJodHRwczpcL1wva2V5bG91bmdlLmNoXC93cC1jb250ZW50XC91cGxvYWRzXC8yMDI2XC8wM1wvS2V5bG91bmdlLURYQS0yMDI2LVZhcmlhbnRlbi4zMy1zY2FsZWQuanBnIiwic2xpZGVzaG93IjoiYjJmMjhiZiJ9\" href='https:\/\/keylounge.ch\/wp-content\/uploads\/2026\/03\/Keylounge-DXA-2026-Varianten.33-scaled.jpg'><img loading=\"lazy\" decoding=\"async\" width=\"2048\" height=\"1366\" src=\"https:\/\/keylounge.ch\/wp-content\/uploads\/2026\/03\/Keylounge-DXA-2026-Varianten.33-scaled.jpg\" class=\"attachment-2048x2048 size-2048x2048\" alt=\"\" srcset=\"https:\/\/keylounge.ch\/wp-content\/uploads\/2026\/03\/Keylounge-DXA-2026-Varianten.33-scaled.jpg 2560w, https:\/\/keylounge.ch\/wp-content\/uploads\/2026\/03\/Keylounge-DXA-2026-Varianten.33-300x200.jpg 300w\" sizes=\"100vw\" \/><\/a>\n\t\t\t<\/div><\/figure><figure class='gallery-item'>\n\t\t\t<div class='gallery-icon landscape'>\n\t\t\t\t<a data-elementor-open-lightbox=\"yes\" data-elementor-lightbox-slideshow=\"b2f28bf\" data-e-action-hash=\"#elementor-action%3Aaction%3Dlightbox%26settings%3DeyJpZCI6MjM4LCJ1cmwiOiJodHRwczpcL1wva2V5bG91bmdlLmNoXC93cC1jb250ZW50XC91cGxvYWRzXC8yMDI2XC8wM1wvS2V5bG91bmdlLURYQS0yMDI2LVZhcmlhbnRlbi40NC1zY2FsZWQuanBnIiwic2xpZGVzaG93IjoiYjJmMjhiZiJ9\" href='https:\/\/keylounge.ch\/wp-content\/uploads\/2026\/03\/Keylounge-DXA-2026-Varianten.44-scaled.jpg'><img loading=\"lazy\" decoding=\"async\" width=\"2048\" height=\"1366\" src=\"https:\/\/keylounge.ch\/wp-content\/uploads\/2026\/03\/Keylounge-DXA-2026-Varianten.44-scaled.jpg\" class=\"attachment-2048x2048 size-2048x2048\" alt=\"\" srcset=\"https:\/\/keylounge.ch\/wp-content\/uploads\/2026\/03\/Keylounge-DXA-2026-Varianten.44-scaled.jpg 2560w, https:\/\/keylounge.ch\/wp-content\/uploads\/2026\/03\/Keylounge-DXA-2026-Varianten.44-300x200.jpg 300w\" sizes=\"100vw\" \/><\/a>\n\t\t\t<\/div><\/figure><figure class='gallery-item'>\n\t\t\t<div class='gallery-icon landscape'>\n\t\t\t\t<a data-elementor-open-lightbox=\"yes\" data-elementor-lightbox-slideshow=\"b2f28bf\" data-e-action-hash=\"#elementor-action%3Aaction%3Dlightbox%26settings%3DeyJpZCI6MjM3LCJ1cmwiOiJodHRwczpcL1wva2V5bG91bmdlLmNoXC93cC1jb250ZW50XC91cGxvYWRzXC8yMDI2XC8wM1wvS2V5bG91bmdlLURYQS0yMDI2LVZhcmlhbnRlbi4zNi0xLXNjYWxlZC5qcGciLCJzbGlkZXNob3ciOiJiMmYyOGJmIn0%3D\" href='https:\/\/keylounge.ch\/wp-content\/uploads\/2026\/03\/Keylounge-DXA-2026-Varianten.36-1-scaled.jpg'><img loading=\"lazy\" decoding=\"async\" width=\"2048\" height=\"1366\" src=\"https:\/\/keylounge.ch\/wp-content\/uploads\/2026\/03\/Keylounge-DXA-2026-Varianten.36-1-scaled.jpg\" class=\"attachment-2048x2048 size-2048x2048\" alt=\"\" srcset=\"https:\/\/keylounge.ch\/wp-content\/uploads\/2026\/03\/Keylounge-DXA-2026-Varianten.36-1-scaled.jpg 2560w, https:\/\/keylounge.ch\/wp-content\/uploads\/2026\/03\/Keylounge-DXA-2026-Varianten.36-1-300x200.jpg 300w\" sizes=\"100vw\" \/><\/a>\n\t\t\t<\/div><\/figure><figure class='gallery-item'>\n\t\t\t<div class='gallery-icon landscape'>\n\t\t\t\t<a data-elementor-open-lightbox=\"yes\" data-elementor-lightbox-slideshow=\"b2f28bf\" data-e-action-hash=\"#elementor-action%3Aaction%3Dlightbox%26settings%3DeyJpZCI6MjA1LCJ1cmwiOiJodHRwczpcL1wva2V5bG91bmdlLmNoXC93cC1jb250ZW50XC91cGxvYWRzXC8yMDI2XC8wM1wvS2V5bG91bmdlLURYQS1MdXplcm4uMTI0LmpwZyIsInNsaWRlc2hvdyI6ImIyZjI4YmYifQ%3D%3D\" href='https:\/\/keylounge.ch\/wp-content\/uploads\/2026\/03\/Keylounge-DXA-Luzern.124.jpg'><img loading=\"lazy\" decoding=\"async\" width=\"1267\" height=\"791\" src=\"https:\/\/keylounge.ch\/wp-content\/uploads\/2026\/03\/Keylounge-DXA-Luzern.124.jpg\" class=\"attachment-2048x2048 size-2048x2048\" alt=\"\" srcset=\"https:\/\/keylounge.ch\/wp-content\/uploads\/2026\/03\/Keylounge-DXA-Luzern.124.jpg 1267w, https:\/\/keylounge.ch\/wp-content\/uploads\/2026\/03\/Keylounge-DXA-Luzern.124-300x187.jpg 300w, https:\/\/keylounge.ch\/wp-content\/uploads\/2026\/03\/Keylounge-DXA-Luzern.124-1024x639.jpg 1024w, https:\/\/keylounge.ch\/wp-content\/uploads\/2026\/03\/Keylounge-DXA-Luzern.124-768x479.jpg 768w\" sizes=\"100vw\" \/><\/a>\n\t\t\t<\/div><\/figure><figure class='gallery-item'>\n\t\t\t<div class='gallery-icon landscape'>\n\t\t\t\t<a data-elementor-open-lightbox=\"yes\" data-elementor-lightbox-slideshow=\"b2f28bf\" data-e-action-hash=\"#elementor-action%3Aaction%3Dlightbox%26settings%3DeyJpZCI6MjM5LCJ1cmwiOiJodHRwczpcL1wva2V5bG91bmdlLmNoXC93cC1jb250ZW50XC91cGxvYWRzXC8yMDI2XC8wM1wvS2V5bG91bmdlLURYQi1VU0EuMTAtc2NhbGVkLmpwZyIsInNsaWRlc2hvdyI6ImIyZjI4YmYifQ%3D%3D\" href='https:\/\/keylounge.ch\/wp-content\/uploads\/2026\/03\/Keylounge-DXB-USA.10-scaled.jpg'><img loading=\"lazy\" decoding=\"async\" width=\"2048\" height=\"1279\" src=\"https:\/\/keylounge.ch\/wp-content\/uploads\/2026\/03\/Keylounge-DXB-USA.10-scaled.jpg\" class=\"attachment-2048x2048 size-2048x2048\" alt=\"\" srcset=\"https:\/\/keylounge.ch\/wp-content\/uploads\/2026\/03\/Keylounge-DXB-USA.10-scaled.jpg 2560w, https:\/\/keylounge.ch\/wp-content\/uploads\/2026\/03\/Keylounge-DXB-USA.10-300x187.jpg 300w\" sizes=\"100vw\" \/><\/a>\n\t\t\t<\/div><\/figure><figure class='gallery-item'>\n\t\t\t<div class='gallery-icon '>\n\t\t\t\t<a data-elementor-open-lightbox=\"yes\" data-elementor-lightbox-slideshow=\"b2f28bf\" data-e-action-hash=\"#elementor-action%3Aaction%3Dlightbox%26settings%3DeyJpZCI6MjIxLCJ1cmwiOiJodHRwczpcL1wva2V5bG91bmdlLmNoXC93cC1jb250ZW50XC91cGxvYWRzXC8yMDI2XC8wM1wvUmVsYXhzZXNzZWwxLjcuanBnIiwic2xpZGVzaG93IjoiYjJmMjhiZiJ9\" href='https:\/\/keylounge.ch\/wp-content\/uploads\/2026\/03\/Relaxsessel1.7.jpg'><img loading=\"lazy\" decoding=\"async\" width=\"1\" height=\"1\" src=\"https:\/\/keylounge.ch\/wp-content\/uploads\/2026\/03\/Relaxsessel1.7.jpg\" class=\"attachment-2048x2048 size-2048x2048\" alt=\"\" sizes=\"100vw\" \/><\/a>\n\t\t\t<\/div><\/figure><figure class='gallery-item'>\n\t\t\t<div class='gallery-icon '>\n\t\t\t\t<a data-elementor-open-lightbox=\"yes\" data-elementor-lightbox-slideshow=\"b2f28bf\" data-e-action-hash=\"#elementor-action%3Aaction%3Dlightbox%26settings%3DeyJpZCI6MjI2LCJ1cmwiOiJodHRwczpcL1wva2V5bG91bmdlLmNoXC93cC1jb250ZW50XC91cGxvYWRzXC8yMDI2XC8wM1wvUmVsYXhzZXNzZWwxLjgtMS5qcGciLCJzbGlkZXNob3ciOiJiMmYyOGJmIn0%3D\" href='https:\/\/keylounge.ch\/wp-content\/uploads\/2026\/03\/Relaxsessel1.8-1.jpg'><img loading=\"lazy\" decoding=\"async\" width=\"1\" height=\"1\" src=\"https:\/\/keylounge.ch\/wp-content\/uploads\/2026\/03\/Relaxsessel1.8-1.jpg\" class=\"attachment-2048x2048 size-2048x2048\" alt=\"\" sizes=\"100vw\" \/><\/a>\n\t\t\t<\/div><\/figure>\n\t\t<\/div>\n\t\t<\/div>\n\t\t\t\t\t\t<\/div>\n\t\t\t\t\t<\/div>\n\t\t\t\t<\/div>\n\t\t\t\t<\/div>\n\t\t","protected":false},"excerpt":{"rendered":"<p>\u00a0 Das Schl\u00fcsselbrett aus Glas &amp; Edelstahl \u2013f\u00fcr Menschen mit Sinn f\u00fcr Stil. Verabschieden Sie sich von langweiligen Ablagen und unordentlichen Ecken. Unser exklusives Schl\u00fcsselbrett vereint zeitloses Design mit funktionaler Raffinesse: Dieses Meisterst\u00fcck der Wohnkultur f\u00fcgt sich nahtlos in jedes moderne Interieur ein \u2013 ob im Eingangsbereich, B\u00fcro oder Loft. \u00a0 KEYLOUNGE DXA<\/p>\n","protected":false},"author":1,"featured_media":162,"parent":0,"menu_order":0,"comment_status":"closed","ping_status":"closed","template":"","meta":{"footnotes":""},"class_list":["post-21","page","type-page","status-publish","has-post-thumbnail","hentry"],"_links":{"self":[{"href":"https:\/\/keylounge.ch\/index.php?rest_route=\/wp\/v2\/pages\/21","targetHints":{"allow":["GET"]}}],"collection":[{"href":"https:\/\/keylounge.ch\/index.php?rest_route=\/wp\/v2\/pages"}],"about":[{"href":"https:\/\/keylounge.ch\/index.php?rest_route=\/wp\/v2\/types\/page"}],"author":[{"embeddable":true,"href":"https:\/\/keylounge.ch\/index.php?rest_route=\/wp\/v2\/users\/1"}],"replies":[{"embeddable":true,"href":"https:\/\/keylounge.ch\/index.php?rest_route=%2Fwp%2Fv2%2Fcomments&post=21"}],"version-history":[{"count":47,"href":"https:\/\/keylounge.ch\/index.php?rest_route=\/wp\/v2\/pages\/21\/revisions"}],"predecessor-version":[{"id":243,"href":"https:\/\/keylounge.ch\/index.php?rest_route=\/wp\/v2\/pages\/21\/revisions\/243"}],"wp:featuredmedia":[{"embeddable":true,"href":"https:\/\/keylounge.ch\/index.php?rest_route=\/wp\/v2\/media\/162"}],"wp:attachment":[{"href":"https:\/\/keylounge.ch\/index.php?rest_route=%2Fwp%2Fv2%2Fmedia&parent=21"}],"curies":[{"name":"wp","href":"https:\/\/api.w.org\/{rel}","templated":true}]}}